{"id":31666,"date":"2022-12-01T14:50:19","date_gmt":"2022-12-01T13:50:19","guid":{"rendered":"https:\/\/agency-msa.com\/sport-agentur-management\/"},"modified":"2023-03-07T23:10:31","modified_gmt":"2023-03-07T22:10:31","slug":"sport-agentur-management","status":"publish","type":"page","link":"https:\/\/agency-msa.com\/de\/sport-agentur-management\/","title":{"rendered":"\u00dcber die Agentur MSA"},"content":{"rendered":"<p>[et_pb_section fb_built=&#8220;1&#8243; _builder_version=&#8220;4.20.0&#8243; _module_preset=&#8220;default&#8220; background_image=&#8220;https:\/\/agency-msa.com\/wp-content\/uploads\/2022\/12\/1agence-suisse-msa-manda_football-terrain1920.jpg&#8220; background_position=&#8220;center_right&#8220; hover_enabled=&#8220;0&#8243; global_colors_info=&#8220;{}&#8220; sticky_enabled=&#8220;0&#8243;][et_pb_row column_structure=&#8220;1_2,1_2&#8243; _builder_version=&#8220;4.18.0&#8243; _module_preset=&#8220;default&#8220; background_enable_color=&#8220;off&#8220; global_colors_info=&#8220;{}&#8220;][et_pb_column type=&#8220;1_2&#8243; _builder_version=&#8220;4.18.0&#8243; _module_preset=&#8220;default&#8220; global_colors_info=&#8220;{}&#8220;][et_pb_text content_tablet=&#8220;<\/p>\n<h1>Die Agentur<\/h1>\n<h2>\u00dcber MandA Sports Agency<\/h2>\n<p>&#8220; content_phone=&#8220;<\/p>\n<h1>Die Agentur<\/h1>\n<h2>\u00dcber MandA Sports Agency<\/h2>\n<p>&#8220; content_last_edited=&#8220;on|desktop&#8220; _builder_version=&#8220;4.18.0&#8243; _module_preset=&#8220;default&#8220; header_font=&#8220;|700|||||||&#8220; header_text_color=&#8220;#ffffff&#8220; header_2_text_color=&#8220;#ffffff&#8220; background_enable_color=&#8220;off&#8220; background_last_edited=&#8220;on|phone&#8220; background_enable_color_tablet=&#8220;off&#8220; global_colors_info=&#8220;{}&#8220;]<\/p>\n<h1>Die Agentur<\/h1>\n<h2>\u00dcber MandA Sports Agency<\/h2>\n<p>[\/et_pb_text][et_pb_text _builder_version=&#8220;4.20.0&#8243; _module_preset=&#8220;default&#8220; text_text_color=&#8220;#ffffff&#8220; custom_padding=&#8220;|||20px|false|false&#8220; custom_padding_tablet=&#8220;|||20px|false|false&#8220; custom_padding_phone=&#8220;|||0px|false|false&#8220; custom_padding_last_edited=&#8220;on|phone&#8220; hover_enabled=&#8220;0&#8243; global_colors_info=&#8220;{}&#8220; sticky_enabled=&#8220;0&#8243; background_last_edited=&#8220;on|phone&#8220; background_color_phone=&#8220;rgba(0,0,0,0.25)&#8220; background_enable_color_phone=&#8220;on&#8220;]<\/p>\n<p>MandA Sports Agency ist eine Sportmanagement Agentur, die haupts\u00e4chlich in der Fussballwelt t\u00e4tig ist.Transparenz, Hand in Hand Arbeit und Einbringung eines reelen Mehrwertes sind die Anforderungen und Werte MandA Sports Agency predigt und die sie in der Beziehung zum Spieler aus\u00fcbt, in Anbetracht dessen hohen Ziele.\n<\/p>\n<p>[\/et_pb_text][\/et_pb_column][et_pb_column type=&#8220;1_2&#8243; _builder_version=&#8220;4.18.0&#8243; _module_preset=&#8220;default&#8220; global_colors_info=&#8220;{}&#8220;][\/et_pb_column][\/et_pb_row][\/et_pb_section][et_pb_section fb_built=&#8220;1&#8243; _builder_version=&#8220;4.18.0&#8243; _module_preset=&#8220;default&#8220; global_colors_info=&#8220;{}&#8220;][et_pb_row column_structure=&#8220;1_3,1_3,1_3&#8243; make_equal=&#8220;on&#8220; _builder_version=&#8220;4.18.0&#8243; _module_preset=&#8220;default&#8220; global_colors_info=&#8220;{}&#8220;][et_pb_column type=&#8220;1_3&#8243; _builder_version=&#8220;4.18.0&#8243; _module_preset=&#8220;default&#8220; global_colors_info=&#8220;{}&#8220;][et_pb_text _builder_version=&#8220;4.18.0&#8243; _module_preset=&#8220;default&#8220; header_3_font=&#8220;|700|||||||&#8220; global_colors_info=&#8220;{}&#8220;]<\/p>\n<h3>Die Vision von MSA<\/h3>\n<p>[\/et_pb_text][et_pb_text _builder_version=&#8220;4.18.0&#8243; _module_preset=&#8220;default&#8220; text_font=&#8220;|700|on||||||&#8220; text_text_color=&#8220;#024b90&#8243; text_font_size=&#8220;24px&#8220; custom_padding=&#8220;40px|20px||20px|false|false&#8220; text_font_size_tablet=&#8220;24px&#8220; text_font_size_phone=&#8220;22px&#8220; text_font_size_last_edited=&#8220;on|phone&#8220; text_orientation_tablet=&#8220;center&#8220; text_orientation_phone=&#8220;right&#8220; text_orientation_last_edited=&#8220;on|phone&#8220; global_colors_info=&#8220;{}&#8220;]<\/p>\n<p>Wer glaubt, dass der Sieg nicht z\u00e4hlt, wird niemals etwas gewinnen.<\/p>\n<p>[\/et_pb_text][et_pb_text _builder_version=&#8220;4.18.0&#8243; _module_preset=&#8220;default&#8220; text_font=&#8220;||on||||||&#8220; text_text_color=&#8220;#024b90&#8243; custom_margin=&#8220;||||false|false&#8220; custom_margin_tablet=&#8220;||||false|false&#8220; custom_margin_phone=&#8220;-20px||||false|false&#8220; custom_margin_last_edited=&#8220;on|phone&#8220; custom_padding=&#8220;|20px|40px|20px|false|false&#8220; custom_padding_tablet=&#8220;|20px|40px|20px|false|false&#8220; custom_padding_phone=&#8220;||||false|false&#8220; custom_padding_last_edited=&#8220;on|phone&#8220; text_orientation_tablet=&#8220;right&#8220; text_orientation_phone=&#8220;right&#8220; text_orientation_last_edited=&#8220;on|phone&#8220; global_colors_info=&#8220;{}&#8220;]<\/p>\n<p><strong>Pel\u00e9<\/strong> \u2013\u00a0dreifacher Weltmeister<\/p>\n<p>[\/et_pb_text][\/et_pb_column][et_pb_column type=&#8220;1_3&#8243; _builder_version=&#8220;4.18.0&#8243; _module_preset=&#8220;default&#8220; global_colors_info=&#8220;{}&#8220;][et_pb_text _builder_version=&#8220;4.18.0&#8243; _module_preset=&#8220;default&#8220; global_colors_info=&#8220;{}&#8220;]Eine innovative Agentur, die durch die vielf\u00e4ltigen Fachkenntnisse seiner Mitglieder gl\u00e4nzt. Dadurch kann sie ihren Spielern ein vollumf\u00e4nglicher Service bieten in juristischer, gesundheitlicher und finanzieller Hinsicht. Sei es im Zusammenhang mit dem Arbeitsvertrag, die Bildrechte, Ern\u00e4hrungs- oder Verm\u00f6gensfragen.<\/p>\n<p>Das Ziel: Sich abheben! MandA Sports Agency setzt auf eine optimale Dienstleistungsqualit\u00e4t, die sich ausschlie\u00dflich an den Sportlern richtet, die ihr vertrauen. Die wesentliche Grundlage der Agentur besteht in der Ausgeglichenheit. Daher teilt sie gerne die verschiedenen Fachkenntnisse ihrer Mitglieder und bem\u00fcht sich stets den engen Kontakt mit dem Umfeld des Spielers zu pflegen.[\/et_pb_text][\/et_pb_column][et_pb_column type=&#8220;1_3&#8243; _builder_version=&#8220;4.18.0&#8243; _module_preset=&#8220;default&#8220; global_colors_info=&#8220;{}&#8220;][et_pb_text _builder_version=&#8220;4.18.0&#8243; _module_preset=&#8220;default&#8220; global_colors_info=&#8220;{}&#8220;]Die Leidenschaft zum Beruf zu machen ist ein Privileg. Das Engagement, die Zeit und die Energie die die Mitglieder MandA Sports Agency t\u00e4glich dieser Aufgabe widmen, wird durch die wachsende Entwicklung unterstrichen.<\/p>\n<p>Um jedoch nicht von ihren Zielen abzuweichen, insbesondere um die Qualit\u00e4t ihrer Dienstleistungen gew\u00e4hrleisten zu k\u00f6nnen, beschr\u00e4nkt MandA Sports Agency die Spieler auf eine vern\u00fcnftige Anzahl, um <\/p>\n<p>deren Karriere optimal zu f\u00fchren. Derzeit k\u00f6nnte sie nicht stolzer auf die Spieler sein, die ihr vertrauen. Dies ist der Beweis f\u00fcr die Qualit\u00e4tsarbeit, die seit der Gr\u00fcndung geleistet wurde.[\/et_pb_text][\/et_pb_column][\/et_pb_row][\/et_pb_section][et_pb_section fb_built=&#8220;1&#8243; _builder_version=&#8220;4.18.0&#8243; _module_preset=&#8220;default&#8220; background_color=&#8220;#161a3b&#8220; global_colors_info=&#8220;{}&#8220;][et_pb_row column_structure=&#8220;1_3,1_3,1_3&#8243; make_equal=&#8220;on&#8220; _builder_version=&#8220;4.18.0&#8243; _module_preset=&#8220;default&#8220; global_colors_info=&#8220;{}&#8220;][et_pb_column type=&#8220;1_3&#8243; _builder_version=&#8220;4.18.0&#8243; _module_preset=&#8220;default&#8220; global_colors_info=&#8220;{}&#8220;][et_pb_text _builder_version=&#8220;4.18.0&#8243; _module_preset=&#8220;default&#8220; text_text_color=&#8220;#ffffff&#8220; header_3_font=&#8220;|700|||||||&#8220; header_3_text_color=&#8220;#ffffff&#8220; global_colors_info=&#8220;{}&#8220;]<\/p>\n<h3>Team MSA<\/h3>\n<p>[\/et_pb_text][\/et_pb_column][et_pb_column type=&#8220;1_3&#8243; _builder_version=&#8220;4.18.0&#8243; _module_preset=&#8220;default&#8220; global_colors_info=&#8220;{}&#8220;][\/et_pb_column][et_pb_column type=&#8220;1_3&#8243; _builder_version=&#8220;4.18.0&#8243; _module_preset=&#8220;default&#8220; global_colors_info=&#8220;{}&#8220;][\/et_pb_column][\/et_pb_row][et_pb_row column_structure=&#8220;1_3,1_3,1_3&#8243; make_equal=&#8220;on&#8220; _builder_version=&#8220;4.18.0&#8243; _module_preset=&#8220;default&#8220; global_colors_info=&#8220;{}&#8220;][et_pb_column type=&#8220;1_3&#8243; _builder_version=&#8220;4.18.0&#8243; _module_preset=&#8220;default&#8220; global_colors_info=&#8220;{}&#8220;][et_pb_text _builder_version=&#8220;4.18.0&#8243; _module_preset=&#8220;default&#8220; text_text_color=&#8220;#ffffff&#8220; header_4_font=&#8220;|700|||||||&#8220; header_4_text_color=&#8220;#ffffff&#8220; custom_margin=&#8220;||20px||false|false&#8220; custom_padding=&#8220;|||10px|false|false&#8220; global_colors_info=&#8220;{}&#8220;]<\/p>\n<h4>Alexandre Favre<\/h4>\n<p>Gr\u00fcnder | Legal und Management<\/p>\n<p>[\/et_pb_text][et_pb_icon font_icon=&#8220;&#xe010;||divi||400&#8243; icon_color=&#8220;#ffffff&#8220; icon_width=&#8220;30px&#8220; url=&#8220;mailto:af@agency-msa.com&#8220; url_new_window=&#8220;on&#8220; align=&#8220;left&#8220; _builder_version=&#8220;4.19.4&#8243; _module_preset=&#8220;default&#8220; custom_margin=&#8220;||||false|false&#8220; custom_padding=&#8220;|||10px|false|false&#8220; global_colors_info=&#8220;{}&#8220;][\/et_pb_icon][et_pb_text _builder_version=&#8220;4.18.0&#8243; _module_preset=&#8220;default&#8220; text_text_color=&#8220;#ffffff&#8220; custom_margin=&#8220;||0px|10px|false|false&#8220; custom_padding=&#8220;|||10px|false|false&#8220; border_width_left=&#8220;1px&#8220; border_color_left=&#8220;#ffffff&#8220; global_colors_info=&#8220;{}&#8220;]Rechtsanwalt Alexandre Favre hat eine langj\u00e4hrige Erfahrung bei einer Genfer Anwaltskanzlei. Er ist gesch\u00e4ftsf\u00fchrender Partner  der MandA GmbH und \u00fcbernimmt daher die Verantwortung gegen\u00fcber Dritten.<br \/>\nEr vertritt die Interessen der Spieler bei Verhandlung von Arbeitsvertr\u00e4gen gegen\u00fcber den Vereinen und Sponsoren.<br \/>\nAlexandre Favre ist beim Staatssekretariat f\u00fcr Wirtschaft (SECO) rechtsg\u00fcltig als Vermittler registriert. Alexandre Favre ist ebenfalls die Ansprechperson der Partner in der schweizerischen sowie der internationalen Fussballwelt. Insbesondere in Italien, Frankreich, England, der T\u00fcrkei und Portugal. Alexandre Favre hat ebenfalls seit \u00fcber zwanzig Jahren selber Fussball gespielt unter anderem mehrere Jahre in der 1. Schweizer Liga (dritte Liga), sei es bei Servette FC, CS Ch\u00eanois oder FC Grand-Lancy.[\/et_pb_text][\/et_pb_column][et_pb_column type=&#8220;1_3&#8243; _builder_version=&#8220;4.18.0&#8243; _module_preset=&#8220;default&#8220; global_colors_info=&#8220;{}&#8220;][et_pb_text _builder_version=&#8220;4.18.0&#8243; _module_preset=&#8220;default&#8220; text_text_color=&#8220;#ffffff&#8220; header_4_font=&#8220;|700|||||||&#8220; header_4_text_color=&#8220;#ffffff&#8220; custom_margin=&#8220;||20px||false|false&#8220; global_colors_info=&#8220;{}&#8220;]<\/p>\n<h4>Anthony Yenni<\/h4>\n<p>Management und Rekrutierung<\/p>\n<p>[\/et_pb_text][et_pb_icon font_icon=&#8220;&#xe010;||divi||400&#8243; icon_color=&#8220;#ffffff&#8220; icon_width=&#8220;30px&#8220; url=&#8220;mailto:ay@agency-msa.com&#8220; url_new_window=&#8220;on&#8220; align=&#8220;left&#8220; _builder_version=&#8220;4.19.4&#8243; _module_preset=&#8220;default&#8220; custom_margin=&#8220;||||false|false&#8220; global_colors_info=&#8220;{}&#8220;][\/et_pb_icon][et_pb_text _builder_version=&#8220;4.18.0&#8243; _module_preset=&#8220;default&#8220; text_text_color=&#8220;#ffffff&#8220; custom_margin=&#8220;|||10px|false|false&#8220; custom_padding=&#8220;|||10px|false|false&#8220; border_width_left=&#8220;1px&#8220; border_color_left=&#8220;#ffffff&#8220; global_colors_info=&#8220;{}&#8220;]Im Besitz des FINMA anerkannten Finanzvermittlungs Diplom und mehr als zehn Jahre Erfahrung im Finanzbereich, ber\u00e4t Anthony Yenni die Sportler bei Versicherungs-, Immobilien-, oder steuerlichen Fragen.<br \/>\nEr verf\u00fcgt au\u00dferdem \u00fcber eine mehrj\u00e4hrige Berufserfahrung als Vertriebsmanager bei Servette FC. Anthony Yenni hat ebenfalls seit mehreren Jahren Fussball gespielt unter anderem bei \u00c9toile Carouge FC (M19) und FC Grand-Lancy (1. Liga).<br \/>\nEr ist neben Alexandre Favre auch der Vertreter des Unternehmens hinsichtlich seinen Partnern in der Schweiz.[\/et_pb_text][\/et_pb_column][et_pb_column type=&#8220;1_3&#8243; _builder_version=&#8220;4.18.0&#8243; _module_preset=&#8220;default&#8220; global_colors_info=&#8220;{}&#8220;][et_pb_text _builder_version=&#8220;4.18.0&#8243; _module_preset=&#8220;default&#8220; text_text_color=&#8220;#ffffff&#8220; header_4_font=&#8220;|700|||||||&#8220; header_4_text_color=&#8220;#ffffff&#8220; custom_margin=&#8220;||20px||false|false&#8220; global_colors_info=&#8220;{}&#8220;]<\/p>\n<h4>Henry Girod<\/h4>\n<p>Management und Rekrutierung<\/p>\n<p>[\/et_pb_text][et_pb_icon font_icon=&#8220;&#xe010;||divi||400&#8243; icon_color=&#8220;#ffffff&#8220; icon_width=&#8220;30px&#8220; url=&#8220;mailto:hg@agency-msa.com&#8220; url_new_window=&#8220;on&#8220; align=&#8220;left&#8220; _builder_version=&#8220;4.19.4&#8243; _module_preset=&#8220;default&#8220; custom_margin=&#8220;||||false|false&#8220; global_colors_info=&#8220;{}&#8220;][\/et_pb_icon][et_pb_text _builder_version=&#8220;4.18.0&#8243; _module_preset=&#8220;default&#8220; text_text_color=&#8220;#ffffff&#8220; custom_margin=&#8220;|||10px|false|false&#8220; custom_padding=&#8220;|||10px|false|false&#8220; border_width_left=&#8220;1px&#8220; border_color_left=&#8220;#ffffff&#8220; global_colors_info=&#8220;{}&#8220;]Henry Girod, diplomierter Trainer (SFV C + Diplom), ist auf die Rekrutierung von Spielern spezialisiert. Dank seinem Expertenblick und seinem breiten Netzwerk kann MSA junge Spieler mit hohem Potenzial ansprechen. Dar\u00fcber hinaus k\u00fcmmert er sich um das Management der sozialen Netzwerke des Unternehmens und in gr\u00f6\u00dferem Umfang um die sozialen Netzwerke der betreuten Sportler. Seit \u00fcber zwanzig Jahren spielt er in verschiedenen Fu\u00dfballvereinen, darunter der FC Grand-Lancy (1. Liga) und der FC Signal Bernex (2. Inter League). Er ist neben Alexandre Favre auch der Vertreter des Unternehmens hinsichtlich seinen Partnern in Frankreich.[\/et_pb_text][\/et_pb_column][\/et_pb_row][et_pb_row column_structure=&#8220;1_3,1_3,1_3&#8243; _builder_version=&#8220;4.18.0&#8243; _module_preset=&#8220;default&#8220; global_colors_info=&#8220;{}&#8220;][et_pb_column type=&#8220;1_3&#8243; _builder_version=&#8220;4.18.0&#8243; _module_preset=&#8220;default&#8220; global_colors_info=&#8220;{}&#8220;][et_pb_text _builder_version=&#8220;4.18.0&#8243; _module_preset=&#8220;default&#8220; text_text_color=&#8220;#ffffff&#8220; header_4_font=&#8220;|700|||||||&#8220; header_4_text_color=&#8220;#ffffff&#8220; custom_margin=&#8220;||20px||false|false&#8220; custom_padding=&#8220;|||10px|false|false&#8220; global_colors_info=&#8220;{}&#8220;]<\/p>\n<h4>Dimitri Berthet<\/h4>\n<p>Ern\u00e4hrung, Gesundheit und Leistung<\/p>\n<p>[\/et_pb_text][et_pb_icon font_icon=&#8220;&#xe010;||divi||400&#8243; icon_color=&#8220;#ffffff&#8220; icon_width=&#8220;30px&#8220; url=&#8220;mailto:db@agency-msa.com&#8220; url_new_window=&#8220;on&#8220; align=&#8220;left&#8220; _builder_version=&#8220;4.19.4&#8243; _module_preset=&#8220;default&#8220; custom_margin=&#8220;||||false|false&#8220; custom_padding=&#8220;|||10px|false|false&#8220; global_colors_info=&#8220;{}&#8220;][\/et_pb_icon][et_pb_text _builder_version=&#8220;4.18.0&#8243; _module_preset=&#8220;default&#8220; text_text_color=&#8220;#ffffff&#8220; custom_margin=&#8220;||0px|10px|false|false&#8220; custom_padding=&#8220;|||10px|false|false&#8220; border_width_left=&#8220;1px&#8220; border_color_left=&#8220;#ffffff&#8220; global_colors_info=&#8220;{}&#8220;]<\/p>\n<p>Als diplomierter Ern\u00e4hrungsberater spezialisiert auf Sportern\u00e4hrung und Hapkido Kampfsportlehrer, bietet Dimitri Berthet den Spielern seine Erfahrung und Know-how an, damit sie ihre Ern\u00e4hrung den speziellen Bed\u00fcrfnissen anpassen k\u00f6nnen. Jeder Spieler der bei MSA unter Vertrag steht, erh\u00e4lt ein professionell erstellter Ern\u00e4hrungsplan.<br \/>\nDimitri Berthet verf\u00fcgt \u00fcber Fachkompetenzen, mit denen die Spieler ihre k\u00f6rperlichen und geistigen Fortschritte verbessern k\u00f6nnen.\n<\/p>\n<p>[\/et_pb_text][\/et_pb_column][et_pb_column type=&#8220;1_3&#8243; _builder_version=&#8220;4.18.0&#8243; _module_preset=&#8220;default&#8220; global_colors_info=&#8220;{}&#8220;][et_pb_text _builder_version=&#8220;4.18.0&#8243; _module_preset=&#8220;default&#8220; text_text_color=&#8220;#ffffff&#8220; header_4_font=&#8220;|700|||||||&#8220; header_4_text_color=&#8220;#ffffff&#8220; custom_margin=&#8220;||20px||false|false&#8220; global_colors_info=&#8220;{}&#8220;]<\/p>\n<h4>Carlos Gomez<\/h4>\n<p>Finanzen<\/p>\n<p>[\/et_pb_text][et_pb_icon font_icon=&#8220;&#xe010;||divi||400&#8243; icon_color=&#8220;#ffffff&#8220; icon_width=&#8220;30px&#8220; url=&#8220;mailto:cg@agency-msa.com&#8220; url_new_window=&#8220;on&#8220; align=&#8220;left&#8220; _builder_version=&#8220;4.19.4&#8243; _module_preset=&#8220;default&#8220; custom_margin=&#8220;||||false|false&#8220; global_colors_info=&#8220;{}&#8220;][\/et_pb_icon][et_pb_text _builder_version=&#8220;4.18.0&#8243; _module_preset=&#8220;default&#8220; text_text_color=&#8220;#ffffff&#8220; custom_margin=&#8220;|||10px|false|false&#8220; custom_padding=&#8220;|||10px|false|false&#8220; border_width_left=&#8220;1px&#8220; border_color_left=&#8220;#ffffff&#8220; global_colors_info=&#8220;{}&#8220;]Carlos Gomez ist Spezialist f\u00fcr Verm\u00f6gensverwaltung und arbeitet in einer unabh\u00e4ngigen Verm\u00f6gensverwaltungsgesellschaft in Genf. Er verf\u00fcgt \u00fcber mehr als zehn Jahre Erfahrung in der Finanzwelt. Jeder Spieler bekommt eine individuelle Beratung unter Ber\u00fccksichtigung der kurzen Laufbahn des Sportlers.<br \/>\nCarlos Gomez spielte seit \u00fcber zwanzig Jahren in mehreren Fu\u00dfballvereinen, dem FC Grand-Lancy (1. Liga), dem CS Ch\u00eanois (1. Liga) und dem Etoile Carouge FC (Challenge League). Er ist neben Alexandre Favre auch der Vertreter des Unternehmens hinsichtlich seinen Partnern in Spanien.[\/et_pb_text][\/et_pb_column][et_pb_column type=&#8220;1_3&#8243; _builder_version=&#8220;4.18.0&#8243; _module_preset=&#8220;default&#8220; background_color=&#8220;#ffffff&#8220; border_radii=&#8220;on|30px|30px|30px|30px&#8220; global_colors_info=&#8220;{}&#8220;][et_pb_text _builder_version=&#8220;4.18.0&#8243; _module_preset=&#8220;default&#8220; header_4_font=&#8220;|700|||||||&#8220; background_color=&#8220;RGBA(255,255,255,0)&#8220; custom_padding=&#8220;40px|20px|0px|20px|false|false&#8220; border_radii=&#8220;on|30px|30px|30px|30px&#8220; global_colors_info=&#8220;{}&#8220;]<\/p>\n<h4>MSA in sozialen Netzwerken<\/h4>\n<p>[\/et_pb_text][et_pb_text _builder_version=&#8220;4.19.4&#8243; _module_preset=&#8220;default&#8220; custom_padding=&#8220;|||20px|false|false&#8220; global_colors_info=&#8220;{}&#8220;]<\/p>\n<ul>\n<li><a href=\"https:\/\/www.instagram.com\/msa_mandasportsagency\/\" target=\"_blank\" rel=\"noopener\">Instagram\u00a0<\/a><\/li>\n<li><a href=\"https:\/\/www.facebook.com\/MSAmandasportsagency\" target=\"_blank\" rel=\"noopener\">Facebook\u00a0<\/a><\/li>\n<li><a href=\"https:\/\/www.linkedin.com\/company\/msa-manda-sports-agency\/\" target=\"_blank\" rel=\"noopener\">Linkedin\u00a0<\/a><\/li>\n<li><a href=\"https:\/\/twitter.com\/MSAsportsagency\" target=\"_blank\" rel=\"noopener\">Twitter\u00a0<\/a><\/li>\n<\/ul>\n<p>[\/et_pb_text][et_pb_text _builder_version=&#8220;4.18.0&#8243; _module_preset=&#8220;default&#8220; header_4_font=&#8220;|700|||||||&#8220; background_color=&#8220;RGBA(255,255,255,0)&#8220; custom_padding=&#8220;20px|20px|40px|20px|false|false&#8220; border_radii=&#8220;on|30px|30px|30px|30px&#8220; global_colors_info=&#8220;{}&#8220;]<\/p>\n<h4>MSA auf Transfermarkt<\/h4>\n<p><a href=\"https:\/\/www.transfermarkt.com\/msa-middot-manda-sports-agency\/beraterfirma\/berater\/4539\" target=\"_blank\" rel=\"noopener\"><img decoding=\"async\" src=\"https:\/\/agency-msa.com\/wp-content\/uploads\/2022\/12\/1agence-suisse-msa-manda_transfermarkt-pictp72.png\" width=\"30px\" alt=\"pictogramme transfermarkt pour lier le compte MSA \u00e0 sa page d'agence suisse de joueurs de football\" \/>MSA<\/a>[\/et_pb_text][\/et_pb_column][\/et_pb_row][\/et_pb_section][et_pb_section fb_built=&#8220;1&#8243; _builder_version=&#8220;4.18.0&#8243; _module_preset=&#8220;default&#8220; background_enable_color=&#8220;off&#8220; global_colors_info=&#8220;{}&#8220;][et_pb_row column_structure=&#8220;1_3,1_3,1_3&#8243; make_equal=&#8220;on&#8220; _builder_version=&#8220;4.18.0&#8243; _module_preset=&#8220;default&#8220; global_colors_info=&#8220;{}&#8220;][et_pb_column type=&#8220;1_3&#8243; _builder_version=&#8220;4.18.0&#8243; _module_preset=&#8220;default&#8220; global_colors_info=&#8220;{}&#8220;][et_pb_text _builder_version=&#8220;4.18.0&#8243; _module_preset=&#8220;default&#8220; text_text_color=&#8220;#ffffff&#8220; header_3_font=&#8220;|700|||||||&#8220; header_3_text_color=&#8220;#161a3b&#8220; global_colors_info=&#8220;{}&#8220;]<\/p>\n<h3>Die Partner von MSA<\/h3>\n<p>[\/et_pb_text][\/et_pb_column][et_pb_column type=&#8220;1_3&#8243; _builder_version=&#8220;4.18.0&#8243; _module_preset=&#8220;default&#8220; global_colors_info=&#8220;{}&#8220;][et_pb_image src=&#8220;https:\/\/agency-msa.com\/wp-content\/uploads\/2022\/12\/1agence-suisse-msa-manda_partenaire-reusch775.png&#8220; title_text=&#8220;1agence-suisse-msa-manda_partenaire-reusch775&#8243; url=&#8220;https:\/\/www.reusch.com\/&#8220; url_new_window=&#8220;on&#8220; align=&#8220;center&#8220; force_fullwidth=&#8220;on&#8220; _builder_version=&#8220;4.19.4&#8243; _module_preset=&#8220;default&#8220; global_colors_info=&#8220;{}&#8220;][\/et_pb_image][et_pb_image src=&#8220;https:\/\/agency-msa.com\/wp-content\/uploads\/2022\/12\/1agence-suisse-msa-manda_partenaire-Sponser775.jpg&#8220; title_text=&#8220;1agence-suisse-msa-manda_partenaire-Sponser775&#8243; url=&#8220;https:\/\/www.sponser.ch\/cms\/fr\/&#8220; url_new_window=&#8220;on&#8220; align=&#8220;center&#8220; force_fullwidth=&#8220;on&#8220; _builder_version=&#8220;4.19.4&#8243; _module_preset=&#8220;default&#8220; global_colors_info=&#8220;{}&#8220;][\/et_pb_image][et_pb_image src=&#8220;https:\/\/agency-msa.com\/wp-content\/uploads\/2022\/12\/1agence-suisse-msa-manda_partenaire-11sportsFAME775.jpg&#8220; title_text=&#8220;1agence-suisse-msa-manda_partenaire-11sportsFAME775&#8243; url=&#8220;https:\/\/www.11teamsports.com\/&#8220; url_new_window=&#8220;on&#8220; align=&#8220;center&#8220; _builder_version=&#8220;4.19.4&#8243; _module_preset=&#8220;default&#8220; module_alignment=&#8220;center&#8220; global_colors_info=&#8220;{}&#8220;][\/et_pb_image][\/et_pb_column][et_pb_column type=&#8220;1_3&#8243; _builder_version=&#8220;4.18.0&#8243; _module_preset=&#8220;default&#8220; global_colors_info=&#8220;{}&#8220;][\/et_pb_column][\/et_pb_row][\/et_pb_section]<\/p>\n","protected":false},"excerpt":{"rendered":"<p>Die Agentur\u00dcber MandA Sports AgencyMandA Sports Agency ist eine Sportmanagement Agentur, die haupts\u00e4chlich in der Fussballwelt t\u00e4tig ist.Transparenz, Hand in Hand Arbeit und Einbringung eines reelen Mehrwertes sind die Anforderungen und Werte MandA Sports Agency predigt und die sie in der Beziehung zum Spieler aus\u00fcbt, in Anbetracht dessen hohen Ziele. Die Vision von MSAWer glaubt, [&hellip;]<\/p>\n","protected":false},"author":1,"featured_media":31026,"parent":0,"menu_order":0,"comment_status":"closed","ping_status":"closed","template":"","meta":{"_acf_changed":false,"_seopress_robots_primary_cat":"","_seopress_titles_title":"MSA \u00b7 \u00dcber die Sportmanagement-Agentur","_seopress_titles_desc":"MSA ist ein Unternehmen, das Sportkarrieren betreut und haupts\u00e4chlich im Fu\u00dfball t\u00e4tig ist. MandA Sports Agency, Sportmanagement-Agentur in Genf, Schweiz.","_seopress_robots_index":"","_et_pb_use_builder":"on","_et_pb_old_content":"","_et_gb_content_width":"","footnotes":""},"class_list":["post-31666","page","type-page","status-publish","has-post-thumbnail","hentry"],"acf":[],"_links":{"self":[{"href":"https:\/\/agency-msa.com\/de\/wp-json\/wp\/v2\/pages\/31666","targetHints":{"allow":["GET"]}}],"collection":[{"href":"https:\/\/agency-msa.com\/de\/wp-json\/wp\/v2\/pages"}],"about":[{"href":"https:\/\/agency-msa.com\/de\/wp-json\/wp\/v2\/types\/page"}],"author":[{"embeddable":true,"href":"https:\/\/agency-msa.com\/de\/wp-json\/wp\/v2\/users\/1"}],"replies":[{"embeddable":true,"href":"https:\/\/agency-msa.com\/de\/wp-json\/wp\/v2\/comments?post=31666"}],"version-history":[{"count":5,"href":"https:\/\/agency-msa.com\/de\/wp-json\/wp\/v2\/pages\/31666\/revisions"}],"predecessor-version":[{"id":31694,"href":"https:\/\/agency-msa.com\/de\/wp-json\/wp\/v2\/pages\/31666\/revisions\/31694"}],"wp:featuredmedia":[{"embeddable":true,"href":"https:\/\/agency-msa.com\/de\/wp-json\/wp\/v2\/media\/31026"}],"wp:attachment":[{"href":"https:\/\/agency-msa.com\/de\/wp-json\/wp\/v2\/media?parent=31666"}],"curies":[{"name":"wp","href":"https:\/\/api.w.org\/{rel}","templated":true}]}}