{"id":32124,"date":"2022-12-01T14:50:19","date_gmt":"2022-12-01T13:50:19","guid":{"rendered":"https:\/\/agency-msa.com\/agenzia-gestione-sportiva\/"},"modified":"2023-03-16T11:47:43","modified_gmt":"2023-03-16T10:47:43","slug":"agenzia-gestione-sportiva","status":"publish","type":"page","link":"https:\/\/agency-msa.com\/it\/agenzia-gestione-sportiva\/","title":{"rendered":"Informazioni sull&#8217;agenzia MSA"},"content":{"rendered":"<p>[et_pb_section fb_built=&#8221;1&#8243; _builder_version=&#8221;4.20.0&#8243; _module_preset=&#8221;default&#8221; background_image=&#8221;https:\/\/agency-msa.com\/wp-content\/uploads\/2022\/12\/1agence-suisse-msa-manda_football-terrain1920.jpg&#8221; background_position=&#8221;center_right&#8221; hover_enabled=&#8221;0&#8243; global_colors_info=&#8221;{}&#8221; sticky_enabled=&#8221;0&#8243;][et_pb_row column_structure=&#8221;1_2,1_2&#8243; _builder_version=&#8221;4.18.0&#8243; _module_preset=&#8221;default&#8221; background_enable_color=&#8221;off&#8221; global_colors_info=&#8221;{}&#8221;][et_pb_column type=&#8221;1_2&#8243; _builder_version=&#8221;4.18.0&#8243; _module_preset=&#8221;default&#8221; global_colors_info=&#8221;{}&#8221;][et_pb_text content_tablet=&#8221;<\/p>\n<h1>L&#8217;agenzia MSA<\/h1>\n<h2>Informazioni su MandA Sports Agency<\/h2>\n<p>&#8221; content_phone=&#8221;<\/p>\n<h1>L&#8217;agenzia MSA<\/h1>\n<h2>Informazioni su MandA Sports Agency<\/h2>\n<p>&#8221; content_last_edited=&#8221;on|desktop&#8221; _builder_version=&#8221;4.18.0&#8243; _module_preset=&#8221;default&#8221; header_font=&#8221;|700|||||||&#8221; header_text_color=&#8221;#ffffff&#8221; header_2_text_color=&#8221;#ffffff&#8221; background_enable_color=&#8221;off&#8221; background_last_edited=&#8221;on|phone&#8221; background_enable_color_tablet=&#8221;off&#8221; global_colors_info=&#8221;{}&#8221;]<\/p>\n<h1>L&#8217;agenzia MSA<\/h1>\n<h2>Informazioni su MandA Sports Agency<\/h2>\n<p>[\/et_pb_text][et_pb_text _builder_version=&#8221;4.20.0&#8243; _module_preset=&#8221;default&#8221; text_text_color=&#8221;#ffffff&#8221; custom_padding=&#8221;|||20px|false|false&#8221; custom_padding_tablet=&#8221;|||20px|false|false&#8221; custom_padding_phone=&#8221;|||0px|false|false&#8221; custom_padding_last_edited=&#8221;on|phone&#8221; hover_enabled=&#8221;0&#8243; global_colors_info=&#8221;{}&#8221; sticky_enabled=&#8221;0&#8243; background_last_edited=&#8221;on|phone&#8221; background_color_phone=&#8221;rgba(0,0,0,0.25)&#8221; background_enable_color_phone=&#8221;on&#8221;]MandA Sports Agency \u00e8 una societ\u00e0 di gestione della carriera sportiva, attiva principalmente nel calcio. Trasparenza, lavoro mano nella mano e contributo di reale valore aggiunto: questi sono i requisiti e i valori che MandA Sports Agency &#8211; consapevole degli alti obiettivi del giocatore &#8211; difende e applica nella relazione che ha con lui.[\/et_pb_text][\/et_pb_column][et_pb_column type=&#8221;1_2&#8243; _builder_version=&#8221;4.18.0&#8243; _module_preset=&#8221;default&#8221; global_colors_info=&#8221;{}&#8221;][\/et_pb_column][\/et_pb_row][\/et_pb_section][et_pb_section fb_built=&#8221;1&#8243; _builder_version=&#8221;4.18.0&#8243; _module_preset=&#8221;default&#8221; global_colors_info=&#8221;{}&#8221;][et_pb_row column_structure=&#8221;1_3,1_3,1_3&#8243; make_equal=&#8221;on&#8221; _builder_version=&#8221;4.18.0&#8243; _module_preset=&#8221;default&#8221; global_colors_info=&#8221;{}&#8221;][et_pb_column type=&#8221;1_3&#8243; _builder_version=&#8221;4.18.0&#8243; _module_preset=&#8221;default&#8221; global_colors_info=&#8221;{}&#8221;][et_pb_text _builder_version=&#8221;4.18.0&#8243; _module_preset=&#8221;default&#8221; header_3_font=&#8221;|700|||||||&#8221; global_colors_info=&#8221;{}&#8221;]<\/p>\n<h3>La visione di MSA<\/h3>\n<p>[\/et_pb_text][et_pb_text _builder_version=&#8221;4.18.0&#8243; _module_preset=&#8221;default&#8221; text_font=&#8221;|700|on||||||&#8221; text_text_color=&#8221;#024b90&#8243; text_font_size=&#8221;24px&#8221; custom_padding=&#8221;40px|20px||20px|false|false&#8221; text_font_size_tablet=&#8221;24px&#8221; text_font_size_phone=&#8221;22px&#8221; text_font_size_last_edited=&#8221;on|phone&#8221; text_orientation_tablet=&#8221;center&#8221; text_orientation_phone=&#8221;right&#8221; text_orientation_last_edited=&#8221;on|phone&#8221; global_colors_info=&#8221;{}&#8221;]<\/p>\n<p>Colui pensi che la vittoria non conti, non vincer\u00e0 mai nulla.<\/p>\n<p>[\/et_pb_text][et_pb_text _builder_version=&#8221;4.18.0&#8243; _module_preset=&#8221;default&#8221; text_font=&#8221;||on||||||&#8221; text_text_color=&#8221;#024b90&#8243; custom_margin=&#8221;||||false|false&#8221; custom_margin_tablet=&#8221;||||false|false&#8221; custom_margin_phone=&#8221;-20px||||false|false&#8221; custom_margin_last_edited=&#8221;on|phone&#8221; custom_padding=&#8221;|20px|40px|20px|false|false&#8221; custom_padding_tablet=&#8221;|20px|40px|20px|false|false&#8221; custom_padding_phone=&#8221;||||false|false&#8221; custom_padding_last_edited=&#8221;on|phone&#8221; text_orientation_tablet=&#8221;right&#8221; text_orientation_phone=&#8221;right&#8221; text_orientation_last_edited=&#8221;on|phone&#8221; global_colors_info=&#8221;{}&#8221;]<\/p>\n<p><strong>Pel\u00e9<\/strong> \u2013\u00a0tre volte campione del mondo<\/p>\n<p>[\/et_pb_text][\/et_pb_column][et_pb_column type=&#8221;1_3&#8243; _builder_version=&#8221;4.18.0&#8243; _module_preset=&#8221;default&#8221; global_colors_info=&#8221;{}&#8221;][et_pb_text _builder_version=&#8221;4.18.0&#8243; _module_preset=&#8221;default&#8221; global_colors_info=&#8221;{}&#8221;]L&#8217;agenzia si definisce innovativa. Beneficiando della variegata esperienza dei suoi membri, fornisce al giocatore una supervisione completa, sia che si tratti del suo contratto di lavoro e del suo diritto all&#8217;immagine, della gestione della sua dieta alimentare o della buona performance della sua eredit\u00e0.<\/p>\n<p>L&#8217;obiettivo \u00e8 chiaro: risaltare! MSA si basa su una qualit\u00e0 ottimale dei servizi, guidata dal solo interesse per i sportivi che si fidano di loro. Per l&#8217;agenzia, la base essenziale per la difesa dei suoi principi \u00e8 quella di poter lavorare in serenit\u00e0. Di conseguenza, condivide volentieri l&#8217;esperienza acquisita dai suoi membri nelle loro aree di competenza e si sforza di mantenere sempre uno stretto contatto con l&#8217;entourage del suo giocatore.[\/et_pb_text][\/et_pb_column][et_pb_column type=&#8221;1_3&#8243; _builder_version=&#8221;4.18.0&#8243; _module_preset=&#8221;default&#8221; global_colors_info=&#8221;{}&#8221;][et_pb_text _builder_version=&#8221;4.18.0&#8243; _module_preset=&#8221;default&#8221; global_colors_info=&#8221;{}&#8221;]Fare della sua passione un lavoro \u00e8 un privilegio: l&#8217;impegno, il tempo e il desiderio che i membri di MSA dedicano quotidianamente a questa missione ne sottolineano il crescente sviluppo.<\/p>\n<p>Tuttavia, al fine di non deviare dai suoi obiettivi, in particolare per essere in grado di preservare la qualit\u00e0 dei suoi servizi, MSA limita ad un numero ragionevole i giocatori per cui gestisce la carriera. Al momento, non pu\u00f2 essere pi\u00f9 orgogliosa della fiducia e delle responsabilit\u00e0 affidate dai suoi giocatori. Sono la prova del lavoro di qualit\u00e0 svolto sin dalla sua creazione.[\/et_pb_text][\/et_pb_column][\/et_pb_row][\/et_pb_section][et_pb_section fb_built=&#8221;1&#8243; _builder_version=&#8221;4.18.0&#8243; _module_preset=&#8221;default&#8221; background_color=&#8221;#161a3b&#8221; global_colors_info=&#8221;{}&#8221;][et_pb_row column_structure=&#8221;1_3,1_3,1_3&#8243; make_equal=&#8221;on&#8221; _builder_version=&#8221;4.18.0&#8243; _module_preset=&#8221;default&#8221; global_colors_info=&#8221;{}&#8221;][et_pb_column type=&#8221;1_3&#8243; _builder_version=&#8221;4.18.0&#8243; _module_preset=&#8221;default&#8221; global_colors_info=&#8221;{}&#8221;][et_pb_text _builder_version=&#8221;4.18.0&#8243; _module_preset=&#8221;default&#8221; text_text_color=&#8221;#ffffff&#8221; header_3_font=&#8221;|700|||||||&#8221; header_3_text_color=&#8221;#ffffff&#8221; global_colors_info=&#8221;{}&#8221;]<\/p>\n<h3>Il team dell&#8217;agenzia MSA<\/h3>\n<p>[\/et_pb_text][\/et_pb_column][et_pb_column type=&#8221;1_3&#8243; _builder_version=&#8221;4.18.0&#8243; _module_preset=&#8221;default&#8221; global_colors_info=&#8221;{}&#8221;][\/et_pb_column][et_pb_column type=&#8221;1_3&#8243; _builder_version=&#8221;4.18.0&#8243; _module_preset=&#8221;default&#8221; global_colors_info=&#8221;{}&#8221;][\/et_pb_column][\/et_pb_row][et_pb_row column_structure=&#8221;1_3,1_3,1_3&#8243; make_equal=&#8221;on&#8221; _builder_version=&#8221;4.18.0&#8243; _module_preset=&#8221;default&#8221; global_colors_info=&#8221;{}&#8221;][et_pb_column type=&#8221;1_3&#8243; _builder_version=&#8221;4.18.0&#8243; _module_preset=&#8221;default&#8221; global_colors_info=&#8221;{}&#8221;][et_pb_text _builder_version=&#8221;4.18.0&#8243; _module_preset=&#8221;default&#8221; text_text_color=&#8221;#ffffff&#8221; header_4_font=&#8221;|700|||||||&#8221; header_4_text_color=&#8221;#ffffff&#8221; custom_margin=&#8221;||20px||false|false&#8221; custom_padding=&#8221;|||10px|false|false&#8221; global_colors_info=&#8221;{}&#8221;]<\/p>\n<h4>Alexandre Favre<\/h4>\n<p>Fondatore | Legale e management<\/p>\n<p>[\/et_pb_text][et_pb_icon font_icon=&#8221;&#xe010;||divi||400&#8243; icon_color=&#8221;#ffffff&#8221; icon_width=&#8221;30px&#8221; url=&#8221;mailto:af@agency-msa.com&#8221; url_new_window=&#8221;on&#8221; align=&#8221;left&#8221; _builder_version=&#8221;4.19.4&#8243; _module_preset=&#8221;default&#8221; custom_margin=&#8221;||||false|false&#8221; custom_padding=&#8221;|||10px|false|false&#8221; global_colors_info=&#8221;{}&#8221;][\/et_pb_icon][et_pb_text _builder_version=&#8221;4.18.0&#8243; _module_preset=&#8221;default&#8221; text_text_color=&#8221;#ffffff&#8221; custom_margin=&#8221;||0px|10px|false|false&#8221; custom_padding=&#8221;|||10px|false|false&#8221; border_width_left=&#8221;1px&#8221; border_color_left=&#8221;#ffffff&#8221; global_colors_info=&#8221;{}&#8221;]Avvocato iscritto all&#8217;albo di Ginevra e praticante da diversi anni, Alexandre Favre \u00e8 managing partner di MandA S\u00e0rl e quindi assume la responsabilit\u00e0 dell&#8217;azienda nei confronti di terzi. Rappresenta gli interessi dei giocatori nei club, negoziando i loro contratti di lavoro e gli sponsor. <\/p>\n<p>Registrato attivamente presso la Segreteria di Stato dell&#8217;economia (SECO) come intermediario, Alexandre Favre \u00e8 anche la staffetta dell&#8217;azienda per i suoi partner attivi nel mondo del calcio, sia in Svizzera che all&#8217;estero specialmente in Italia, Francia, Regno Unito, Turchia e Portogallo. Alexandre Favre ha anche giocato in diverse societ\u00e0 calcistiche per oltre venti anni, tra cui diversi anni nella 1a lega svizzera (terza divisione), sia a Servette FC, CS Ch\u00eanois o FC Grand-Lancy.[\/et_pb_text][\/et_pb_column][et_pb_column type=&#8221;1_3&#8243; _builder_version=&#8221;4.18.0&#8243; _module_preset=&#8221;default&#8221; global_colors_info=&#8221;{}&#8221;][et_pb_text _builder_version=&#8221;4.18.0&#8243; _module_preset=&#8221;default&#8221; text_text_color=&#8221;#ffffff&#8221; header_4_font=&#8221;|700|||||||&#8221; header_4_text_color=&#8221;#ffffff&#8221; custom_margin=&#8221;||20px||false|false&#8221; global_colors_info=&#8221;{}&#8221;]<\/p>\n<h4>Anthony Yenni<\/h4>\n<p>Management e relutamento<\/p>\n<p>[\/et_pb_text][et_pb_icon font_icon=&#8221;&#xe010;||divi||400&#8243; icon_color=&#8221;#ffffff&#8221; icon_width=&#8221;30px&#8221; url=&#8221;mailto:ay@agency-msa.com&#8221; url_new_window=&#8221;on&#8221; align=&#8221;left&#8221; _builder_version=&#8221;4.19.4&#8243; _module_preset=&#8221;default&#8221; custom_margin=&#8221;||||false|false&#8221; global_colors_info=&#8221;{}&#8221;][\/et_pb_icon][et_pb_text _builder_version=&#8221;4.18.0&#8243; _module_preset=&#8221;default&#8221; text_text_color=&#8221;#ffffff&#8221; custom_margin=&#8221;|||10px|false|false&#8221; custom_padding=&#8221;|||10px|false|false&#8221; border_width_left=&#8221;1px&#8221; border_color_left=&#8221;#ffffff&#8221; global_colors_info=&#8221;{}&#8221;]Titolare del diploma di intermediario finanziario riconosciuto dalla FINMA e con pi\u00f9 di dieci anni di esperienza nel settore finanziario, Anthony Yenni fornisce consulenza agli atleti in materia di assicurazione, acquisto e \/ o vendita, nonch\u00e9 finanziamenti immobiliare o fiscalit\u00e0. <\/p>\n<p>Ha anche una gratificante esperienza professionale di diversi anni al Servette FC come direttore delle vendite. Anthony Yenni ha anche giocato a calcio per diversi anni all&#8217;\u00c9toile Carouge FC (M19) e all&#8217;FC Grand-Lancy (Ligue 1). \u00c8 anche il principale partner, insieme a Alexandre Favre, della societ\u00e0 con i suoi partner in Svizzera.[\/et_pb_text][\/et_pb_column][et_pb_column type=&#8221;1_3&#8243; _builder_version=&#8221;4.18.0&#8243; _module_preset=&#8221;default&#8221; global_colors_info=&#8221;{}&#8221;][et_pb_text _builder_version=&#8221;4.18.0&#8243; _module_preset=&#8221;default&#8221; text_text_color=&#8221;#ffffff&#8221; header_4_font=&#8221;|700|||||||&#8221; header_4_text_color=&#8221;#ffffff&#8221; custom_margin=&#8221;||20px||false|false&#8221; global_colors_info=&#8221;{}&#8221;]<\/p>\n<h4>Henry Girod<\/h4>\n<p>Management e reclutamento<\/p>\n<p>[\/et_pb_text][et_pb_icon font_icon=&#8221;&#xe010;||divi||400&#8243; icon_color=&#8221;#ffffff&#8221; icon_width=&#8221;30px&#8221; url=&#8221;mailto:hg@agency-msa.com&#8221; url_new_window=&#8221;on&#8221; align=&#8221;left&#8221; _builder_version=&#8221;4.19.4&#8243; _module_preset=&#8221;default&#8221; custom_margin=&#8221;||||false|false&#8221; global_colors_info=&#8221;{}&#8221;][\/et_pb_icon][et_pb_text _builder_version=&#8221;4.18.0&#8243; _module_preset=&#8221;default&#8221; text_text_color=&#8221;#ffffff&#8221; custom_margin=&#8221;|||10px|false|false&#8221; custom_padding=&#8221;|||10px|false|false&#8221; border_width_left=&#8221;1px&#8221; border_color_left=&#8221;#ffffff&#8221; global_colors_info=&#8221;{}&#8221;]Allenatore laureato (diploma ASF C +), Henry Girod \u00e8 specializzato nel reclutamento dei giocatori. La sua visione esperta e l&#8217;ampia rete consentono a MSA di rivolgersi a giovani giocatori con un alto potenziale. Inoltre, \u00e8 responsabile della gestione dei social network dell&#8217;azienda e, in misura maggiore, delle reti sociali di atleti sotto mandato. Ha anche giocato in diverse societ\u00e0 calcistiche per oltre venti anni, tra cui FC Grand-Lancy (1 \u00b0 campionato) e FC Signal Bernex (2 \u00b0 Inter League).  <\/p>\n<p>Henry Girod \u00e8 anche il principale partner, insieme a Alexandre Favre, della compagnia con i suoi partner in Francia.[\/et_pb_text][\/et_pb_column][\/et_pb_row][et_pb_row column_structure=&#8221;1_3,1_3,1_3&#8243; _builder_version=&#8221;4.18.0&#8243; _module_preset=&#8221;default&#8221; global_colors_info=&#8221;{}&#8221;][et_pb_column type=&#8221;1_3&#8243; _builder_version=&#8221;4.18.0&#8243; _module_preset=&#8221;default&#8221; global_colors_info=&#8221;{}&#8221;][et_pb_text _builder_version=&#8221;4.18.0&#8243; _module_preset=&#8221;default&#8221; text_text_color=&#8221;#ffffff&#8221; header_4_font=&#8221;|700|||||||&#8221; header_4_text_color=&#8221;#ffffff&#8221; custom_margin=&#8221;||20px||false|false&#8221; custom_padding=&#8221;|||10px|false|false&#8221; global_colors_info=&#8221;{}&#8221;]<\/p>\n<h4>Dimitri Berthet<\/h4>\n<p>Nutrizione, salute e performance<\/p>\n<p>[\/et_pb_text][et_pb_icon font_icon=&#8221;&#xe010;||divi||400&#8243; icon_color=&#8221;#ffffff&#8221; icon_width=&#8221;30px&#8221; url=&#8221;mailto:db@agency-msa.com&#8221; url_new_window=&#8221;on&#8221; align=&#8221;left&#8221; _builder_version=&#8221;4.19.4&#8243; _module_preset=&#8221;default&#8221; custom_margin=&#8221;||||false|false&#8221; custom_padding=&#8221;|||10px|false|false&#8221; global_colors_info=&#8221;{}&#8221;][\/et_pb_icon][et_pb_text _builder_version=&#8221;4.18.0&#8243; _module_preset=&#8221;default&#8221; text_text_color=&#8221;#ffffff&#8221; custom_margin=&#8221;||0px|10px|false|false&#8221; custom_padding=&#8221;|||10px|false|false&#8221; border_width_left=&#8221;1px&#8221; border_color_left=&#8221;#ffffff&#8221; global_colors_info=&#8221;{}&#8221;]<\/p>\n<p>Dietista HES, \u00e8 specializzato in nutrizione sportiva e insegnante di arti marziali (Hapkido), Dimitri Berthet offre ai giocatori la sua esperienza e il suo know-how in modo che adattino la loro dieta alle loro esigenze specifiche legate al calcio. li\u00e9s \u00e0 la pratique du football. Grazie alle sue diverse formazioni e competenze (Laurea in Nutrizione e Dietetica [HES-SO, Ginevra], Diploma Universitario in Nutrizione Sportiva [Parigi], Certificazione di Preparazione Mentale [Fitspro, Ginevra]) e alla sua esperienza di praticante e insegnante di arti marziali (Hapkido Jin Jung Kwan) da pi\u00f9 di 15 anni, Dimitri permette all&#8217;atleta di beneficiare di un accompagnamento completo ed essenziale per il successo della sua carriera.<\/p>\n<p>.<\/p>\n<p>L&#8217;obiettivo principale di questo follow-up \u00e8 quello di permettere ai giocatori di applicare le diverse strategie di performance nella loro vita quotidiana e di sviluppare cos\u00ec le loro abilit\u00e0, in particolare quelle calcistiche. In definitiva, cerchiamo di responsabilizzare i giocatori affinch\u00e9 possano adottare uno stile di vita adeguato alle elevate esigenze della loro professione.<\/p>\n<p>L&#8217;obiettivo principale di questo follow-up \u00e8 quello di consentire ai giocatori di applicare le diverse strategie di performance nella loro vita quotidiana e di sviluppare cos\u00ec le loro abilit\u00e0, in particolare quelle calcistiche.<\/p>\n<p>[\/et_pb_text][\/et_pb_column][et_pb_column type=&#8221;1_3&#8243; _builder_version=&#8221;4.18.0&#8243; _module_preset=&#8221;default&#8221; global_colors_info=&#8221;{}&#8221;][et_pb_text _builder_version=&#8221;4.18.0&#8243; _module_preset=&#8221;default&#8221; text_text_color=&#8221;#ffffff&#8221; header_4_font=&#8221;|700|||||||&#8221; header_4_text_color=&#8221;#ffffff&#8221; custom_margin=&#8221;||20px||false|false&#8221; global_colors_info=&#8221;{}&#8221;]<\/p>\n<h4>Carlos Gomez<\/h4>\n<p>Finanza<\/p>\n<p>[\/et_pb_text][et_pb_icon font_icon=&#8221;&#xe010;||divi||400&#8243; icon_color=&#8221;#ffffff&#8221; icon_width=&#8221;30px&#8221; url=&#8221;mailto:cg@agency-msa.com&#8221; url_new_window=&#8221;on&#8221; align=&#8221;left&#8221; _builder_version=&#8221;4.19.4&#8243; _module_preset=&#8221;default&#8221; custom_margin=&#8221;||||false|false&#8221; global_colors_info=&#8221;{}&#8221;][\/et_pb_icon][et_pb_text _builder_version=&#8221;4.18.0&#8243; _module_preset=&#8221;default&#8221; text_text_color=&#8221;#ffffff&#8221; custom_margin=&#8221;|||10px|false|false&#8221; custom_padding=&#8221;|||10px|false|false&#8221; border_width_left=&#8221;1px&#8221; border_color_left=&#8221;#ffffff&#8221; global_colors_info=&#8221;{}&#8221;]<\/p>\n<p>Specialista in gestione patrimoniale, Carlos Gomez lavora in una societ\u00e0 di gestione patrimoniale di terze parti a Ginevra e vanta oltre dieci anni di esperienza nel mondo della finanza. Ogni giocatore verr\u00e0 informato su come piazzare i propri soldi e come farli crescere, sostenendo una gestione prudente tenendo conto della breve durata della carriera dell&#8217;atleta.<\/p>\n<p>Carlos Gomez ha anche giocato in diverse societ\u00e0 calcistiche per oltre venti anni, FC Grand-Lancy (1 \u00b0 campionato), CS Ch\u00eanois (1 \u00b0 campionato) ed Etoile Carouge FC (Challenge League). \u00c8 anche il principale partner, insieme a Alexandre Favre, della compagnia con i suoi partner in Spagna.<\/p>\n<p>[\/et_pb_text][\/et_pb_column][et_pb_column type=&#8221;1_3&#8243; _builder_version=&#8221;4.18.0&#8243; _module_preset=&#8221;default&#8221; background_color=&#8221;#ffffff&#8221; border_radii=&#8221;on|30px|30px|30px|30px&#8221; global_colors_info=&#8221;{}&#8221;][et_pb_text _builder_version=&#8221;4.18.0&#8243; _module_preset=&#8221;default&#8221; header_4_font=&#8221;|700|||||||&#8221; background_color=&#8221;RGBA(255,255,255,0)&#8221; custom_padding=&#8221;40px|20px|0px|20px|false|false&#8221; border_radii=&#8221;on|30px|30px|30px|30px&#8221; global_colors_info=&#8221;{}&#8221;]<\/p>\n<h4>MSA sui social network<\/h4>\n<p>[\/et_pb_text][et_pb_text _builder_version=&#8221;4.19.4&#8243; _module_preset=&#8221;default&#8221; custom_padding=&#8221;|||20px|false|false&#8221; global_colors_info=&#8221;{}&#8221;]<\/p>\n<ul>\n<li><a href=\"https:\/\/www.instagram.com\/msa_mandasportsagency\/\" target=\"_blank\" rel=\"noopener\">Instagram\u00a0<\/a><\/li>\n<li><a href=\"https:\/\/www.facebook.com\/MSAmandasportsagency\" target=\"_blank\" rel=\"noopener\">Facebook\u00a0<\/a><\/li>\n<li><a href=\"https:\/\/www.linkedin.com\/company\/msa-manda-sports-agency\/\" target=\"_blank\" rel=\"noopener\">Linkedin\u00a0<\/a><\/li>\n<li><a href=\"https:\/\/twitter.com\/MSAsportsagency\" target=\"_blank\" rel=\"noopener\">Twitter\u00a0<\/a><\/li>\n<\/ul>\n<p>[\/et_pb_text][et_pb_text _builder_version=&#8221;4.18.0&#8243; _module_preset=&#8221;default&#8221; header_4_font=&#8221;|700|||||||&#8221; background_color=&#8221;RGBA(255,255,255,0)&#8221; custom_padding=&#8221;20px|20px|40px|20px|false|false&#8221; border_radii=&#8221;on|30px|30px|30px|30px&#8221; global_colors_info=&#8221;{}&#8221;]<\/p>\n<h4>MSA su Transfermarkt<\/h4>\n<p><a href=\"https:\/\/www.transfermarkt.com\/manda-sports-agency\/beraterfirma\/berater\/4539\" target=\"_blank\" rel=\"noopener\"><img decoding=\"async\" src=\"https:\/\/agency-msa.com\/wp-content\/uploads\/2022\/12\/1agence-suisse-msa-manda_transfermarkt-pictp72.png\" width=\"30px\" alt=\"pictogramme transfermarkt pour lier le compte MSA \u00e0 sa page d'agence suisse de joueurs de football\" \/>MSA<\/a>[\/et_pb_text][\/et_pb_column][\/et_pb_row][\/et_pb_section][et_pb_section fb_built=&#8221;1&#8243; _builder_version=&#8221;4.18.0&#8243; _module_preset=&#8221;default&#8221; background_enable_color=&#8221;off&#8221; global_colors_info=&#8221;{}&#8221;][et_pb_row column_structure=&#8221;1_3,1_3,1_3&#8243; make_equal=&#8221;on&#8221; _builder_version=&#8221;4.18.0&#8243; _module_preset=&#8221;default&#8221; global_colors_info=&#8221;{}&#8221;][et_pb_column type=&#8221;1_3&#8243; _builder_version=&#8221;4.18.0&#8243; _module_preset=&#8221;default&#8221; global_colors_info=&#8221;{}&#8221;][et_pb_text _builder_version=&#8221;4.18.0&#8243; _module_preset=&#8221;default&#8221; text_text_color=&#8221;#ffffff&#8221; header_3_font=&#8221;|700|||||||&#8221; header_3_text_color=&#8221;#161a3b&#8221; global_colors_info=&#8221;{}&#8221;]<\/p>\n<h3>I partner di MSA<\/h3>\n<p>[\/et_pb_text][\/et_pb_column][et_pb_column type=&#8221;1_3&#8243; _builder_version=&#8221;4.18.0&#8243; _module_preset=&#8221;default&#8221; global_colors_info=&#8221;{}&#8221;][et_pb_image src=&#8221;https:\/\/agency-msa.com\/wp-content\/uploads\/2022\/12\/1agence-suisse-msa-manda_partenaire-reusch775.png&#8221; title_text=&#8221;1agence-suisse-msa-manda_partenaire-reusch775&#8243; url=&#8221;https:\/\/www.reusch.com\/&#8221; url_new_window=&#8221;on&#8221; align=&#8221;center&#8221; force_fullwidth=&#8221;on&#8221; _builder_version=&#8221;4.19.4&#8243; _module_preset=&#8221;default&#8221; global_colors_info=&#8221;{}&#8221;][\/et_pb_image][et_pb_image src=&#8221;https:\/\/agency-msa.com\/wp-content\/uploads\/2022\/12\/1agence-suisse-msa-manda_partenaire-Sponser775.jpg&#8221; title_text=&#8221;1agence-suisse-msa-manda_partenaire-Sponser775&#8243; url=&#8221;https:\/\/www.sponser.ch\/cms\/fr\/&#8221; url_new_window=&#8221;on&#8221; align=&#8221;center&#8221; force_fullwidth=&#8221;on&#8221; _builder_version=&#8221;4.19.4&#8243; _module_preset=&#8221;default&#8221; global_colors_info=&#8221;{}&#8221;][\/et_pb_image][et_pb_image src=&#8221;https:\/\/agency-msa.com\/wp-content\/uploads\/2022\/12\/1agence-suisse-msa-manda_partenaire-11sportsFAME775.jpg&#8221; title_text=&#8221;1agence-suisse-msa-manda_partenaire-11sportsFAME775&#8243; url=&#8221;https:\/\/www.11teamsports.com\/&#8221; url_new_window=&#8221;on&#8221; align=&#8221;center&#8221; _builder_version=&#8221;4.19.4&#8243; _module_preset=&#8221;default&#8221; module_alignment=&#8221;center&#8221; global_colors_info=&#8221;{}&#8221;][\/et_pb_image][\/et_pb_column][et_pb_column type=&#8221;1_3&#8243; _builder_version=&#8221;4.18.0&#8243; _module_preset=&#8221;default&#8221; global_colors_info=&#8221;{}&#8221;][\/et_pb_column][\/et_pb_row][\/et_pb_section]<\/p>\n","protected":false},"excerpt":{"rendered":"<p>L&#8217;agenzia MSAInformazioni su MandA Sports AgencyMandA Sports Agency \u00e8 una societ\u00e0 di gestione della carriera sportiva, attiva principalmente nel calcio. Trasparenza, lavoro mano nella mano e contributo di reale valore aggiunto: questi sono i requisiti e i valori che MandA Sports Agency &#8211; consapevole degli alti obiettivi del giocatore &#8211; difende e applica nella relazione [&hellip;]<\/p>\n","protected":false},"author":1,"featured_media":31027,"parent":0,"menu_order":0,"comment_status":"closed","ping_status":"closed","template":"","meta":{"_acf_changed":false,"_seopress_robots_primary_cat":"","_seopress_titles_title":"MSA \u00b7 Informazioni sull'agenzia di gestione sportiva","_seopress_titles_desc":"MSA \u00e8 una societ\u00e0 di gestione delle carriere sportive, attiva soprattutto nel calcio. MandA Sports Agency, agenzia di management sportivo a Ginevra, Svizzera.","_seopress_robots_index":"","_et_pb_use_builder":"on","_et_pb_old_content":"","_et_gb_content_width":"","footnotes":""},"class_list":["post-32124","page","type-page","status-publish","has-post-thumbnail","hentry"],"acf":[],"_links":{"self":[{"href":"https:\/\/agency-msa.com\/it\/wp-json\/wp\/v2\/pages\/32124","targetHints":{"allow":["GET"]}}],"collection":[{"href":"https:\/\/agency-msa.com\/it\/wp-json\/wp\/v2\/pages"}],"about":[{"href":"https:\/\/agency-msa.com\/it\/wp-json\/wp\/v2\/types\/page"}],"author":[{"embeddable":true,"href":"https:\/\/agency-msa.com\/it\/wp-json\/wp\/v2\/users\/1"}],"replies":[{"embeddable":true,"href":"https:\/\/agency-msa.com\/it\/wp-json\/wp\/v2\/comments?post=32124"}],"version-history":[{"count":8,"href":"https:\/\/agency-msa.com\/it\/wp-json\/wp\/v2\/pages\/32124\/revisions"}],"predecessor-version":[{"id":32132,"href":"https:\/\/agency-msa.com\/it\/wp-json\/wp\/v2\/pages\/32124\/revisions\/32132"}],"wp:featuredmedia":[{"embeddable":true,"href":"https:\/\/agency-msa.com\/it\/wp-json\/wp\/v2\/media\/31027"}],"wp:attachment":[{"href":"https:\/\/agency-msa.com\/it\/wp-json\/wp\/v2\/media?parent=32124"}],"curies":[{"name":"wp","href":"https:\/\/api.w.org\/{rel}","templated":true}]}}